{"id":972,"date":"2025-07-30T13:37:10","date_gmt":"2025-07-30T13:37:10","guid":{"rendered":"https:\/\/crockandcock.com\/?page_id=972"},"modified":"2025-10-11T06:41:10","modified_gmt":"2025-10-11T06:41:10","slug":"politica-de-cookies","status":"publish","type":"page","link":"https:\/\/crockandcock.com\/en\/politica-de-cookies\/","title":{"rendered":"Pol\u00edtica de cookies"},"content":{"rendered":"\t\t<div data-elementor-type=\"wp-page\" data-elementor-id=\"972\" class=\"elementor elementor-972\" data-elementor-post-type=\"page\">\n\t\t\t\t<div class=\"elementor-element elementor-element-1604b06 e-flex e-con-boxed e-con e-parent\" data-id=\"1604b06\" data-element_type=\"container\" data-e-type=\"container\" data-settings=\"{&quot;background_background&quot;:&quot;classic&quot;,&quot;jet_parallax_layout_list&quot;:[]}\">\n\t\t\t\t\t<div class=\"e-con-inner\">\n\t\t\t\t<div class=\"elementor-element elementor-element-88cfb0a elementor-widget elementor-widget-heading\" data-id=\"88cfb0a\" data-element_type=\"widget\" data-e-type=\"widget\" data-widget_type=\"heading.default\">\n\t\t\t\t<div class=\"elementor-widget-container\">\n\t\t\t\t\t<h1 class=\"elementor-heading-title elementor-size-default\">Pol\u00edtica de cookies<\/h1>\t\t\t\t<\/div>\n\t\t\t\t<\/div>\n\t\t\t\t\t<\/div>\n\t\t\t\t<\/div>\n\t\t<div class=\"elementor-element elementor-element-2a71b0d e-flex e-con-boxed e-con e-parent\" data-id=\"2a71b0d\" data-element_type=\"container\" data-e-type=\"container\" data-settings=\"{&quot;jet_parallax_layout_list&quot;:[]}\">\n\t\t\t\t\t<div class=\"e-con-inner\">\n\t\t\t\t<div class=\"elementor-element elementor-element-6066a42 elementor-widget elementor-widget-text-editor\" data-id=\"6066a42\" data-element_type=\"widget\" data-e-type=\"widget\" data-widget_type=\"text-editor.default\">\n\t\t\t\t<div class=\"elementor-widget-container\">\n\t\t\t\t\t\t\t\t\t<h2>1. \u00bfQu\u00e9 son las cookies?<\/h2>\n<p>Las cookies son peque\u00f1os archivos de texto que se almacenan en el dispositivo del usuario cuando visita un sitio web. Su funci\u00f3n principal es reconocer al usuario cada vez que accede a la web, permitiendo mejorar la calidad y ofrecer un mejor uso del sitio.<\/p>\n\n<h2>2. Tipos de cookies utilizadas<\/h2>\n<p>En [NOMBRE DE LA WEB \/ DOMINIO] se utilizan las siguientes categor\u00edas de cookies:<\/p>\n<ul>\n  <li><strong>Cookies t\u00e9cnicas<\/strong>: necesarias para la correcta navegaci\u00f3n y el uso de las diferentes opciones o servicios que ofrece la web.<\/li>\n  <li><strong>Cookies de personalizaci\u00f3n<\/strong>: permiten al usuario acceder al servicio con caracter\u00edsticas predefinidas como el idioma, tipo de navegador o configuraci\u00f3n regional.<\/li>\n  <li><strong>Cookies de an\u00e1lisis<\/strong>: permiten cuantificar el n\u00famero de usuarios y realizar la medici\u00f3n y an\u00e1lisis estad\u00edstico de la utilizaci\u00f3n que hacen los usuarios de los servicios.<\/li>\n  <li><strong>Cookies publicitarias<\/strong>: permiten la gesti\u00f3n de los espacios publicitarios que el editor haya incluido en la web.<\/li>\n  <li><strong>Cookies de publicidad comportamental<\/strong>: almacenan informaci\u00f3n del comportamiento de los usuarios obtenida a trav\u00e9s de la observaci\u00f3n de sus h\u00e1bitos de navegaci\u00f3n.<\/li>\n<\/ul>\n\n<h2>3. Cookies utilizadas en esta web<\/h2>\n<p>La siguiente tabla detalla las cookies utilizadas en [NOMBRE DE LA WEB]:<\/p>\n<table border=\"1\" cellpadding=\"5\" cellspacing=\"0\">\n  <tr>\n    <th>Nombre de la cookie<\/th>\n    <th>Tipo<\/th>\n    <th>Proveedor<\/th>\n    <th>Duraci\u00f3n<\/th>\n    <th>Finalidad<\/th>\n  <\/tr>\n  <tr>\n    <td>_ga<\/td>\n    <td>An\u00e1lisis<\/td>\n    <td>Google Analytics<\/td>\n    <td>2 a\u00f1os<\/td>\n    <td>Distinguir usuarios<\/td>\n  <\/tr>\n  <tr>\n    <td>PHPSESSID<\/td>\n    <td>T\u00e9cnica<\/td>\n    <td>Propia<\/td>\n    <td>Sesi\u00f3n<\/td>\n    <td>Mantener variables de sesi\u00f3n del usuario<\/td>\n  <\/tr>\n  <tr>\n    <td>[AGREGAR LAS NECESARIAS]<\/td>\n    <td><\/td>\n    <td><\/td>\n    <td><\/td>\n    <td><\/td>\n  <\/tr>\n<\/table>\n\n<h2>4. Gesti\u00f3n de cookies<\/h2>\n<p>El usuario puede permitir, bloquear o eliminar las cookies instaladas en su equipo mediante la configuraci\u00f3n de las opciones del navegador instalado.<\/p>\n<ul>\n  <li><a href=\"https:\/\/support.google.com\/chrome\/answer\/95647?hl=es\" target=\"_blank\">Google Chrome<\/a><\/li>\n  <li><a href=\"https:\/\/support.mozilla.org\/es\/kb\/Borrar%20cookies\" target=\"_blank\">Mozilla Firefox<\/a><\/li>\n  <li><a href=\"https:\/\/support.microsoft.com\/es-es\/help\/4027947\/microsoft-edge-delete-cookies\" target=\"_blank\">Microsoft Edge<\/a><\/li>\n  <li><a href=\"https:\/\/support.apple.com\/es-es\/guide\/safari\/sfri11471\/mac\" target=\"_blank\">Safari<\/a><\/li>\n<\/ul>\n<p>En caso de bloquear el uso de cookies en su navegador es posible que algunos servicios o funcionalidades de la web no est\u00e9n disponibles.<\/p>\n\n<h2>5. Consentimiento<\/h2>\n<p>Al navegar y continuar en [NOMBRE DE LA WEB], el usuario acepta el uso de las cookies descritas en las condiciones expresadas en la presente Pol\u00edtica de Cookies.<\/p>\n\t\t\t\t\t\t\t\t<\/div>\n\t\t\t\t<\/div>\n\t\t\t\t\t<\/div>\n\t\t\t\t<\/div>\n\t\t\t\t<\/div>\n\t\t","protected":false},"excerpt":{"rendered":"<p>1. \u00bfQu\u00e9 son las cookies? Las cookies son peque\u00f1os archivos de texto que se almacenan en el dispositivo del usuario cuando visita un sitio web. Su funci\u00f3n principal es reconocer al usuario cada vez que accede a la web, permitiendo mejorar la calidad y ofrecer un mejor uso del sitio. 2. Tipos de cookies utilizadas [&hellip;]<\/p>\n","protected":false},"author":1,"featured_media":0,"parent":0,"menu_order":0,"comment_status":"closed","ping_status":"closed","template":"elementor_header_footer","meta":{"footnotes":""},"class_list":["post-972","page","type-page","status-publish","hentry"],"yoast_head":"<!-- This site is optimized with the Yoast SEO plugin v27.4 - https:\/\/yoast.com\/product\/yoast-seo-wordpress\/ -->\n<title>Pol\u00edtica de cookies - Crock &amp; Cock<\/title>\n<meta name=\"robots\" content=\"noindex, nofollow\" \/>\n<meta property=\"og:locale\" content=\"en_GB\" \/>\n<meta property=\"og:type\" content=\"article\" \/>\n<meta property=\"og:title\" content=\"Pol\u00edtica de cookies - Crock &amp; Cock\" \/>\n<meta property=\"og:description\" content=\"1. \u00bfQu\u00e9 son las cookies? Las cookies son peque\u00f1os archivos de texto que se almacenan en el dispositivo del usuario cuando visita un sitio web. Su funci\u00f3n principal es reconocer al usuario cada vez que accede a la web, permitiendo mejorar la calidad y ofrecer un mejor uso del sitio. 2. Tipos de cookies utilizadas [&hellip;]\" \/>\n<meta property=\"og:url\" content=\"https:\/\/crockandcock.com\/en\/politica-de-cookies\/\" \/>\n<meta property=\"og:site_name\" content=\"Crock &amp; Cock\" \/>\n<meta property=\"article:modified_time\" content=\"2025-10-11T06:41:10+00:00\" \/>\n<meta name=\"twitter:card\" content=\"summary_large_image\" \/>\n<meta name=\"twitter:label1\" content=\"Estimated reading time\" \/>\n\t<meta name=\"twitter:data1\" content=\"2 minutes\" \/>\n<script type=\"application\/ld+json\" class=\"yoast-schema-graph\">{\"@context\":\"https:\\\/\\\/schema.org\",\"@graph\":[{\"@type\":\"WebPage\",\"@id\":\"https:\\\/\\\/crockandcock.com\\\/politica-de-cookies\\\/\",\"url\":\"https:\\\/\\\/crockandcock.com\\\/politica-de-cookies\\\/\",\"name\":\"Pol\u00edtica de cookies - Crock &amp; Cock\",\"isPartOf\":{\"@id\":\"https:\\\/\\\/crockandcock.com\\\/#website\"},\"datePublished\":\"2025-07-30T13:37:10+00:00\",\"dateModified\":\"2025-10-11T06:41:10+00:00\",\"breadcrumb\":{\"@id\":\"https:\\\/\\\/crockandcock.com\\\/politica-de-cookies\\\/#breadcrumb\"},\"inLanguage\":\"en-GB\",\"potentialAction\":[{\"@type\":\"ReadAction\",\"target\":[\"https:\\\/\\\/crockandcock.com\\\/politica-de-cookies\\\/\"]}]},{\"@type\":\"BreadcrumbList\",\"@id\":\"https:\\\/\\\/crockandcock.com\\\/politica-de-cookies\\\/#breadcrumb\",\"itemListElement\":[{\"@type\":\"ListItem\",\"position\":1,\"name\":\"Portada\",\"item\":\"https:\\\/\\\/crockandcock.com\\\/\"},{\"@type\":\"ListItem\",\"position\":2,\"name\":\"Pol\u00edtica de cookies\"}]},{\"@type\":\"WebSite\",\"@id\":\"https:\\\/\\\/crockandcock.com\\\/#website\",\"url\":\"https:\\\/\\\/crockandcock.com\\\/\",\"name\":\"Crock & Cock\",\"description\":\"Restaurante Vegano, Vegetariano y NO vegano\",\"potentialAction\":[{\"@type\":\"SearchAction\",\"target\":{\"@type\":\"EntryPoint\",\"urlTemplate\":\"https:\\\/\\\/crockandcock.com\\\/?s={search_term_string}\"},\"query-input\":{\"@type\":\"PropertyValueSpecification\",\"valueRequired\":true,\"valueName\":\"search_term_string\"}}],\"inLanguage\":\"en-GB\"}]}<\/script>\n<!-- \/ Yoast SEO plugin. -->","yoast_head_json":{"title":"Pol\u00edtica de cookies - Crock &amp; Cock","robots":{"index":"noindex","follow":"nofollow"},"og_locale":"en_GB","og_type":"article","og_title":"Pol\u00edtica de cookies - Crock &amp; Cock","og_description":"1. \u00bfQu\u00e9 son las cookies? Las cookies son peque\u00f1os archivos de texto que se almacenan en el dispositivo del usuario cuando visita un sitio web. Su funci\u00f3n principal es reconocer al usuario cada vez que accede a la web, permitiendo mejorar la calidad y ofrecer un mejor uso del sitio. 2. Tipos de cookies utilizadas [&hellip;]","og_url":"https:\/\/crockandcock.com\/en\/politica-de-cookies\/","og_site_name":"Crock &amp; Cock","article_modified_time":"2025-10-11T06:41:10+00:00","twitter_card":"summary_large_image","twitter_misc":{"Estimated reading time":"2 minutes"},"schema":{"@context":"https:\/\/schema.org","@graph":[{"@type":"WebPage","@id":"https:\/\/crockandcock.com\/politica-de-cookies\/","url":"https:\/\/crockandcock.com\/politica-de-cookies\/","name":"Pol\u00edtica de cookies - Crock &amp; Cock","isPartOf":{"@id":"https:\/\/crockandcock.com\/#website"},"datePublished":"2025-07-30T13:37:10+00:00","dateModified":"2025-10-11T06:41:10+00:00","breadcrumb":{"@id":"https:\/\/crockandcock.com\/politica-de-cookies\/#breadcrumb"},"inLanguage":"en-GB","potentialAction":[{"@type":"ReadAction","target":["https:\/\/crockandcock.com\/politica-de-cookies\/"]}]},{"@type":"BreadcrumbList","@id":"https:\/\/crockandcock.com\/politica-de-cookies\/#breadcrumb","itemListElement":[{"@type":"ListItem","position":1,"name":"Portada","item":"https:\/\/crockandcock.com\/"},{"@type":"ListItem","position":2,"name":"Pol\u00edtica de cookies"}]},{"@type":"WebSite","@id":"https:\/\/crockandcock.com\/#website","url":"https:\/\/crockandcock.com\/","name":"Crock & Cock","description":"Restaurante Vegano, Vegetariano y NO vegano","potentialAction":[{"@type":"SearchAction","target":{"@type":"EntryPoint","urlTemplate":"https:\/\/crockandcock.com\/?s={search_term_string}"},"query-input":{"@type":"PropertyValueSpecification","valueRequired":true,"valueName":"search_term_string"}}],"inLanguage":"en-GB"}]}},"_links":{"self":[{"href":"https:\/\/crockandcock.com\/en\/wp-json\/wp\/v2\/pages\/972","targetHints":{"allow":["GET"]}}],"collection":[{"href":"https:\/\/crockandcock.com\/en\/wp-json\/wp\/v2\/pages"}],"about":[{"href":"https:\/\/crockandcock.com\/en\/wp-json\/wp\/v2\/types\/page"}],"author":[{"embeddable":true,"href":"https:\/\/crockandcock.com\/en\/wp-json\/wp\/v2\/users\/1"}],"replies":[{"embeddable":true,"href":"https:\/\/crockandcock.com\/en\/wp-json\/wp\/v2\/comments?post=972"}],"version-history":[{"count":4,"href":"https:\/\/crockandcock.com\/en\/wp-json\/wp\/v2\/pages\/972\/revisions"}],"predecessor-version":[{"id":1132,"href":"https:\/\/crockandcock.com\/en\/wp-json\/wp\/v2\/pages\/972\/revisions\/1132"}],"wp:attachment":[{"href":"https:\/\/crockandcock.com\/en\/wp-json\/wp\/v2\/media?parent=972"}],"curies":[{"name":"wp","href":"https:\/\/api.w.org\/{rel}","templated":true}]}}